{"id":604,"date":"2024-02-12T10:28:57","date_gmt":"2024-02-12T10:28:57","guid":{"rendered":"https:\/\/guinbus.com\/col%c2%b7legis"},"modified":"2024-02-12T10:32:41","modified_gmt":"2024-02-12T10:32:41","slug":"col%c2%b7legis","status":"publish","type":"page","link":"https:\/\/guinbus.com\/ca\/col%c2%b7legis","title":{"rendered":"Col\u00b7legis"},"content":{"rendered":"<p>[et_pb_section fb_built=&#8221;1&#8243; custom_padding_last_edited=&#8221;on|tablet&#8221; admin_label=&#8221;Header&#8221; _builder_version=&#8221;4.23.1&#8243; _module_preset=&#8221;default&#8221; background_color=&#8221;#000000&#8243; use_background_color_gradient=&#8221;on&#8221; background_color_gradient_stops=&#8221;rgba(4,20,53,0.36) 0%|rgba(4,20,53,0.36) 100%&#8221; background_color_gradient_overlays_image=&#8221;on&#8221; background_image=&#8221;https:\/\/guinbus.com\/wp-content\/uploads\/2024\/02\/colegio-1.png&#8221; custom_padding=&#8221;100px||100px||false|false&#8221; custom_padding_tablet=&#8221;||0px||false|false&#8221; custom_padding_phone=&#8221;||0px||false|false&#8221; background_last_edited=&#8221;off|desktop&#8221; background_position_phone=&#8221;bottom_center&#8221; locked=&#8221;off&#8221; collapsed=&#8221;on&#8221; global_colors_info=&#8221;{}&#8221;][et_pb_row column_structure=&#8221;3_5,2_5&#8243; _builder_version=&#8221;4.23.1&#8243; _module_preset=&#8221;default&#8221; custom_padding=&#8221;35px||||false|false&#8221; global_colors_info=&#8221;{}&#8221;][et_pb_column type=&#8221;3_5&#8243; _builder_version=&#8221;4.16.0&#8243; _module_preset=&#8221;default&#8221; global_colors_info=&#8221;{}&#8221;][et_pb_text _builder_version=&#8221;4.24.0&#8243; _module_preset=&#8221;94fa2ee4-6b60-4d0b-b837-7f0ceae12b87&#8243; text_text_color=&#8221;#FFFFFF&#8221; header_font=&#8221;Montserrat|700|||||||&#8221; header_text_color=&#8221;#FFFFFF&#8221; header_font_size=&#8221;70px&#8221; header_line_height=&#8221;100%&#8221; width=&#8221;100%&#8221; custom_margin=&#8221;|-36px|21px|||&#8221; animation_style=&#8221;flip&#8221; hover_enabled=&#8221;0&#8243; text_font_size_tablet=&#8221;&#8221; text_font_size_phone=&#8221;14px&#8221; text_font_size_last_edited=&#8221;on|phone&#8221; header_font_size_tablet=&#8221;40px&#8221; header_font_size_phone=&#8221;50px&#8221; header_font_size_last_edited=&#8221;on|phone&#8221; header_2_font_size_tablet=&#8221;30px&#8221; header_2_font_size_phone=&#8221;20px&#8221; header_2_font_size_last_edited=&#8221;off|desktop&#8221; locked=&#8221;off&#8221; global_colors_info=&#8221;{}&#8221; sticky_enabled=&#8221;0&#8243;]<\/p>\n<h1>Lloguer d&#8217;autob\u00fas per a escoles<\/h1>\n<p>[\/et_pb_text][et_pb_text _builder_version=&#8221;4.24.0&#8243; _module_preset=&#8221;default&#8221; text_font=&#8221;Montserrat||||||||&#8221; text_text_color=&#8221;#FFFFFF&#8221; text_font_size=&#8221;21px&#8221; text_line_height=&#8221;1.4em&#8221; hover_enabled=&#8221;0&#8243; global_colors_info=&#8221;{}&#8221; sticky_enabled=&#8221;0&#8243;]Planeja les excursions i els viatges amb la nostra flota d&#8217;autobusos i autocars.[\/et_pb_text][et_pb_divider color=&#8221;#215a89&#8243; _builder_version=&#8221;4.23.1&#8243; _module_preset=&#8221;default&#8221; global_colors_info=&#8221;{}&#8221;][\/et_pb_divider][\/et_pb_column][et_pb_column type=&#8221;2_5&#8243; _builder_version=&#8221;4.23.1&#8243; _module_preset=&#8221;default&#8221; vertical_offset=&#8221;70px&#8221; global_colors_info=&#8221;{}&#8221;][\/et_pb_column][\/et_pb_row][\/et_pb_section][et_pb_section fb_built=&#8221;1&#8243; _builder_version=&#8221;4.23.1&#8243; _module_preset=&#8221;default&#8221; background_image=&#8221;https:\/\/guinbus.com\/wp-content\/uploads\/2024\/02\/b2.png&#8221; background_position=&#8221;center_right&#8221; custom_margin=&#8221;||||false|false&#8221; custom_padding=&#8221;||60px||false|false&#8221; global_colors_info=&#8221;{}&#8221;][et_pb_row _builder_version=&#8221;4.23.1&#8243; _module_preset=&#8221;default&#8221; global_colors_info=&#8221;{}&#8221;][et_pb_column type=&#8221;4_4&#8243; _builder_version=&#8221;4.23.1&#8243; _module_preset=&#8221;default&#8221; global_colors_info=&#8221;{}&#8221;][et_pb_text _builder_version=&#8221;4.24.0&#8243; _module_preset=&#8221;44e52539-cead-43e5-bd57-eb8d3d608b93&#8243; text_text_color=&#8221;#000000&#8243; header_2_font=&#8221;Montserrat|700|||||||&#8221; header_2_text_color=&#8221;#3a3a3a&#8221; header_2_font_size=&#8221;60px&#8221; header_2_line_height=&#8221;120%&#8221; animation_style=&#8221;flip&#8221; hover_enabled=&#8221;0&#8243; header_2_font_size_tablet=&#8221;30px&#8221; header_2_font_size_phone=&#8221;20px&#8221; header_2_font_size_last_edited=&#8221;on|tablet&#8221; global_colors_info=&#8221;{}&#8221; sticky_enabled=&#8221;0&#8243;]<\/p>\n<h2>Viatges escolars amb GUINbus<\/h2>\n<p>[\/et_pb_text][et_pb_text _builder_version=&#8221;4.24.0&#8243; _module_preset=&#8221;596f4725-1c36-45b8-8f21-69157f74cf89&#8243; text_font=&#8221;Montserrat|500|||||||&#8221; text_text_color=&#8221;#000000&#8243; text_line_height=&#8221;180%&#8221; custom_padding_tablet=&#8221;&#8221; custom_padding_phone=&#8221;|30px|||false|false&#8221; custom_padding_last_edited=&#8221;on|phone&#8221; hover_enabled=&#8221;0&#8243; text_font_size_tablet=&#8221;&#8221; text_font_size_phone=&#8221;14px&#8221; text_font_size_last_edited=&#8221;on|phone&#8221; global_colors_info=&#8221;{}&#8221; sticky_enabled=&#8221;0&#8243;]<\/p>\n<p>A GUINbus, ens sentim orgullosos d&#8217;oferir un servei de lloguer d&#8217;autobusos i autocars de primera classe per a escoles a tota l&#8217;\u00e0rea de Barcelona i m\u00e9s enll\u00e0. Amb una flota moderna i ben equipada, ens especialitzem a oferir solucions de transport segures, fiables i c\u00f2modes per a una varietat de necessitats educatives, des de viatges d&#8217;estudi fins a emocionants excursions.<\/p>\n<p>Encara que estem ubicats a l&#8217;\u00e0rea de Barcelona, a GUINbus estem a punt per emportar-te on necessitis a tot el territori espanyol. Ja sigui que la teva escola estigui planejant una excursi\u00f3 local o un viatge educatiu a trav\u00e9s del pa\u00eds, som aqu\u00ed per fer que la teva experi\u00e8ncia de viatge sigui fluida i memorable.<\/p>\n<p>[\/et_pb_text][\/et_pb_column][\/et_pb_row][\/et_pb_section][et_pb_section fb_built=&#8221;1&#8243; _builder_version=&#8221;4.23.1&#8243; _module_preset=&#8221;default&#8221; background_image=&#8221;https:\/\/guinbus.com\/wp-content\/uploads\/2024\/02\/img-20190301-124404-2-scaled-1.jpeg&#8221; background_last_edited=&#8221;on|desktop&#8221; global_colors_info=&#8221;{}&#8221;][et_pb_row _builder_version=&#8221;4.23.1&#8243; _module_preset=&#8221;default&#8221; width=&#8221;100%&#8221; max_width=&#8221;1092px&#8221; global_colors_info=&#8221;{}&#8221;][et_pb_column type=&#8221;4_4&#8243; _builder_version=&#8221;4.23.1&#8243; _module_preset=&#8221;default&#8221; global_colors_info=&#8221;{}&#8221;][et_pb_divider show_divider=&#8221;off&#8221; _builder_version=&#8221;4.23.1&#8243; _module_preset=&#8221;default&#8221; custom_padding=&#8221;120px||120px||true|false&#8221; custom_padding_tablet=&#8221;120px||120px||true|false&#8221; custom_padding_phone=&#8221;20px||20px||true|false&#8221; custom_padding_last_edited=&#8221;on|phone&#8221; global_colors_info=&#8221;{}&#8221;][\/et_pb_divider][\/et_pb_column][\/et_pb_row][\/et_pb_section][et_pb_section fb_built=&#8221;1&#8243; admin_label=&#8221;Value Propositions&#8221; _builder_version=&#8221;4.23.1&#8243; _module_preset=&#8221;default&#8221; background_color=&#8221;#215a89&#8243; background_image=&#8221;https:\/\/guinbus.com\/wp-content\/uploads\/2024\/02\/b4.png&#8221; background_position=&#8221;center_right&#8221; custom_padding=&#8221;||||false|false&#8221; collapsed=&#8221;on&#8221; global_colors_info=&#8221;{}&#8221;][et_pb_row column_structure=&#8221;1_2,1_2&#8243; _builder_version=&#8221;4.23.1&#8243; _module_preset=&#8221;default&#8221; background_enable_color=&#8221;off&#8221; global_colors_info=&#8221;{}&#8221;][et_pb_column type=&#8221;1_2&#8243; _builder_version=&#8221;4.16.0&#8243; _module_preset=&#8221;default&#8221; global_colors_info=&#8221;{}&#8221;][et_pb_text _builder_version=&#8221;4.24.0&#8243; _module_preset=&#8221;44e52539-cead-43e5-bd57-eb8d3d608b93&#8243; header_2_font=&#8221;Montserrat|700|||||||&#8221; header_2_text_color=&#8221;#FFFFFF&#8221; header_2_font_size=&#8221;55px&#8221; header_2_line_height=&#8221;120%&#8221; animation_style=&#8221;flip&#8221; hover_enabled=&#8221;0&#8243; header_2_font_size_tablet=&#8221;30px&#8221; header_2_font_size_phone=&#8221;33px&#8221; header_2_font_size_last_edited=&#8221;on|phone&#8221; global_colors_info=&#8221;{}&#8221; sticky_enabled=&#8221;0&#8243;]<\/p>\n<h2>Viatges adaptats i personalitzats per a escoles<\/h2>\n<p>[\/et_pb_text][et_pb_image src=&#8221;https:\/\/guinbus.com\/wp-content\/uploads\/2024\/02\/IMG-20210519-WA0001.jpg&#8221; title_text=&#8221;IMG-20210519-WA0001&#8243; _builder_version=&#8221;4.23.1&#8243; _module_preset=&#8221;default&#8221; animation_style=&#8221;flip&#8221; border_radii=&#8221;on|5px|5px|5px|5px&#8221; global_colors_info=&#8221;{}&#8221;][\/et_pb_image][\/et_pb_column][et_pb_column type=&#8221;1_2&#8243; _builder_version=&#8221;4.23.1&#8243; _module_preset=&#8221;default&#8221; horizontal_offset=&#8221;0px&#8221; global_colors_info=&#8221;{}&#8221; horizontal_offset__hover_enabled=&#8221;on|desktop&#8221; horizontal_offset__hover=&#8221;0px&#8221;][et_pb_text _builder_version=&#8221;4.24.0&#8243; _module_preset=&#8221;596f4725-1c36-45b8-8f21-69157f74cf89&#8243; text_font=&#8221;Montserrat|500|||||||&#8221; text_text_color=&#8221;#FFFFFF&#8221; text_line_height=&#8221;180%&#8221; hover_enabled=&#8221;0&#8243; text_font_size_tablet=&#8221;&#8221; text_font_size_phone=&#8221;14px&#8221; text_font_size_last_edited=&#8221;on|phone&#8221; global_colors_info=&#8221;{}&#8221; sticky_enabled=&#8221;0&#8243;]Entenem la import\u00e0ncia de cada detall en planificar viatges escolars. \u00c9s per aix\u00f2 que oferim un servei personalitzat que s&#8217;adapta a les necessitats espec\u00edfiques de cada escola. El nostre equip dedicat treballa estretament amb tu per garantir que cada aspecte del viatge sigui perfecte, des de la selecci\u00f3 del vehicle adequat fins a la coordinaci\u00f3 d&#8217;horaris i rutes.<\/p>\n<p>A GUINbus, la seguretat dels nostres passatgers \u00e9s la nostra principal prioritat. Tots els nostres conductors estan altament capacitats, tenen \u00e0mplia experi\u00e8ncia i compleixen amb els m\u00e9s alts est\u00e0ndards de seguretat. A m\u00e9s, els nostres autobusos i autocars estan equipats amb les darreres caracter\u00edstiques de seguretat i comoditats per garantir un viatge tranquil i sense preocupacions.<\/p>\n<p>La nostra flota d&#8217;autobusos i autocars de darrera generaci\u00f3 est\u00e0 dissenyada pensant en la comoditat i la fiabilitat. Des de seients ergon\u00f2mics fins a aire condicionat ajustable, cada vehicle est\u00e0 equipat per oferir una experi\u00e8ncia de viatge c\u00f2moda i agradable. Pots confiar en nosaltres per arribar a temps, cada cop, i proporcionar un servei fiable que compleixi i superi les teves expectatives.<\/p>\n<p>A GUINbus, ens apassiona proporcionar solucions de transport excepcionals per a escoles. Permet-nos ser el teu soci en viatges escolars i portar les teves aventures educatives al seg\u00fcent nivell.[\/et_pb_text][et_pb_button button_url=&#8221;\/ca\/contacte&#8221; button_text=&#8221;Contactar&#8221; _builder_version=&#8221;4.24.0&#8243; _module_preset=&#8221;8d5db7bd-5fee-4286-9c20-cee04f88ca34&#8243; custom_button=&#8221;on&#8221; button_text_size=&#8221;18px&#8221; button_text_color=&#8221;#FFFFFF&#8221; button_bg_color=&#8221;#69a0d5&#8243; button_border_width=&#8221;0px&#8221; button_border_radius=&#8221;5px&#8221; button_font=&#8221;Roboto|500|||||||&#8221; button_use_icon=&#8221;off&#8221; custom_padding=&#8221;14px|24px|14px|24px|true|true&#8221; hover_enabled=&#8221;0&#8243; global_colors_info=&#8221;{}&#8221; sticky_enabled=&#8221;0&#8243;][\/et_pb_button][\/et_pb_column][\/et_pb_row][\/et_pb_section]<\/p>\n","protected":false},"excerpt":{"rendered":"<p>Lloguer d&#8217;autob\u00fas per a escolesPlaneja les excursions i els viatges amb la nostra flota d&#8217;autobusos i autocars.Viatges escolars amb GUINbusA GUINbus, ens sentim orgullosos d&#8217;oferir un servei de lloguer d&#8217;autobusos i autocars de primera classe per a escoles a tota l&#8217;\u00e0rea de Barcelona i m\u00e9s enll\u00e0. Amb una flota moderna i ben equipada, ens especialitzem [&hellip;]<\/p>\n","protected":false},"author":1,"featured_media":0,"parent":0,"menu_order":0,"comment_status":"closed","ping_status":"closed","template":"","meta":{"_et_pb_use_builder":"on","_et_pb_old_content":"","_et_gb_content_width":"","footnotes":""},"class_list":["post-604","page","type-page","status-publish","hentry"],"yoast_head":"<!-- This site is optimized with the Yoast SEO plugin v27.5 - https:\/\/yoast.com\/product\/yoast-seo-wordpress\/ -->\n<title>Lloguer d&#039;autob\u00fas per a escoles - GUINbus<\/title>\n<meta name=\"description\" content=\"Viatges escolars amb GUINbus. Planeja les excursions i els viatges amb la nostra flota d&#039;autobusos i autocars. Demana informaci\u00f3!\" \/>\n<meta name=\"robots\" content=\"index, follow, max-snippet:-1, max-image-preview:large, max-video-preview:-1\" \/>\n<link rel=\"canonical\" href=\"https:\/\/guinbus.com\/ca\/col\u00b7legis\" \/>\n<meta property=\"og:locale\" content=\"ca_ES\" \/>\n<meta property=\"og:type\" content=\"article\" \/>\n<meta property=\"og:title\" content=\"Lloguer d&#039;autob\u00fas per a escoles - GUINbus\" \/>\n<meta property=\"og:description\" content=\"Viatges escolars amb GUINbus. Planeja les excursions i els viatges amb la nostra flota d&#039;autobusos i autocars. Demana informaci\u00f3!\" \/>\n<meta property=\"og:url\" content=\"https:\/\/guinbus.com\/ca\/col\u00b7legis\" \/>\n<meta property=\"og:site_name\" content=\"GUINbus\" \/>\n<meta property=\"article:modified_time\" content=\"2024-02-12T10:32:41+00:00\" \/>\n<meta name=\"twitter:card\" content=\"summary_large_image\" \/>\n<meta name=\"twitter:label1\" content=\"Temps estimat de lectura\" \/>\n\t<meta name=\"twitter:data1\" content=\"2 minuts\" \/>\n<!-- \/ Yoast SEO plugin. -->","yoast_head_json":{"title":"Lloguer d'autob\u00fas per a escoles - GUINbus","description":"Viatges escolars amb GUINbus. Planeja les excursions i els viatges amb la nostra flota d'autobusos i autocars. Demana informaci\u00f3!","robots":{"index":"index","follow":"follow","max-snippet":"max-snippet:-1","max-image-preview":"max-image-preview:large","max-video-preview":"max-video-preview:-1"},"canonical":"https:\/\/guinbus.com\/ca\/col\u00b7legis","og_locale":"ca_ES","og_type":"article","og_title":"Lloguer d'autob\u00fas per a escoles - GUINbus","og_description":"Viatges escolars amb GUINbus. Planeja les excursions i els viatges amb la nostra flota d'autobusos i autocars. Demana informaci\u00f3!","og_url":"https:\/\/guinbus.com\/ca\/col\u00b7legis","og_site_name":"GUINbus","article_modified_time":"2024-02-12T10:32:41+00:00","twitter_card":"summary_large_image","twitter_misc":{"Temps estimat de lectura":"2 minuts"},"schema":{"@context":"https:\/\/schema.org","@graph":[{"@type":"WebPage","@id":"https:\/\/guinbus.com\/ca\/col%c2%b7legis","url":"https:\/\/guinbus.com\/ca\/col%c2%b7legis","name":"Lloguer d'autob\u00fas per a escoles - GUINbus","isPartOf":{"@id":"https:\/\/guinbus.com\/#website"},"datePublished":"2024-02-12T10:28:57+00:00","dateModified":"2024-02-12T10:32:41+00:00","description":"Viatges escolars amb GUINbus. Planeja les excursions i els viatges amb la nostra flota d'autobusos i autocars. Demana informaci\u00f3!","inLanguage":"ca","potentialAction":[{"@type":"ReadAction","target":["https:\/\/guinbus.com\/ca\/col%c2%b7legis"]}]},{"@type":"WebSite","@id":"https:\/\/guinbus.com\/#website","url":"https:\/\/guinbus.com\/","name":"GUINbus","description":"","potentialAction":[{"@type":"SearchAction","target":{"@type":"EntryPoint","urlTemplate":"https:\/\/guinbus.com\/?s={search_term_string}"},"query-input":{"@type":"PropertyValueSpecification","valueRequired":true,"valueName":"search_term_string"}}],"inLanguage":"ca"}]}},"_links":{"self":[{"href":"https:\/\/guinbus.com\/ca\/wp-json\/wp\/v2\/pages\/604","targetHints":{"allow":["GET"]}}],"collection":[{"href":"https:\/\/guinbus.com\/ca\/wp-json\/wp\/v2\/pages"}],"about":[{"href":"https:\/\/guinbus.com\/ca\/wp-json\/wp\/v2\/types\/page"}],"author":[{"embeddable":true,"href":"https:\/\/guinbus.com\/ca\/wp-json\/wp\/v2\/users\/1"}],"replies":[{"embeddable":true,"href":"https:\/\/guinbus.com\/ca\/wp-json\/wp\/v2\/comments?post=604"}],"version-history":[{"count":2,"href":"https:\/\/guinbus.com\/ca\/wp-json\/wp\/v2\/pages\/604\/revisions"}],"predecessor-version":[{"id":610,"href":"https:\/\/guinbus.com\/ca\/wp-json\/wp\/v2\/pages\/604\/revisions\/610"}],"wp:attachment":[{"href":"https:\/\/guinbus.com\/ca\/wp-json\/wp\/v2\/media?parent=604"}],"curies":[{"name":"wp","href":"https:\/\/api.w.org\/{rel}","templated":true}]}}