{"id":239,"date":"2022-01-19T09:11:36","date_gmt":"2022-01-19T09:11:36","guid":{"rendered":"https:\/\/guinbus.com\/alquiler-minibus\/"},"modified":"2024-02-12T10:28:02","modified_gmt":"2024-02-12T10:28:02","slug":"lloguer-microbus","status":"publish","type":"page","link":"https:\/\/guinbus.com\/ca\/lloguer-microbus","title":{"rendered":"Lloguer minibus"},"content":{"rendered":"<p>[et_pb_section fb_built=&#8221;1&#8243; custom_padding_last_edited=&#8221;on|tablet&#8221; admin_label=&#8221;Header&#8221; _builder_version=&#8221;4.23.1&#8243; _module_preset=&#8221;default&#8221; background_color=&#8221;#000000&#8243; use_background_color_gradient=&#8221;on&#8221; background_color_gradient_stops=&#8221;rgba(4,20,53,0.36) 0%|rgba(4,20,53,0.36) 100%&#8221; background_color_gradient_overlays_image=&#8221;on&#8221; background_image=&#8221;https:\/\/guinbus.com\/wp-content\/uploads\/2024\/02\/2.png&#8221; custom_padding=&#8221;100px||100px||false|false&#8221; custom_padding_tablet=&#8221;||0px||false|false&#8221; custom_padding_phone=&#8221;||0px||false|false&#8221; background_last_edited=&#8221;off|desktop&#8221; background_position_phone=&#8221;bottom_center&#8221; locked=&#8221;off&#8221; collapsed=&#8221;on&#8221; global_colors_info=&#8221;{}&#8221; theme_builder_area=&#8221;post_content&#8221;][et_pb_row column_structure=&#8221;3_5,2_5&#8243; _builder_version=&#8221;4.23.1&#8243; _module_preset=&#8221;default&#8221; custom_padding=&#8221;35px||||false|false&#8221; global_colors_info=&#8221;{}&#8221; theme_builder_area=&#8221;post_content&#8221;][et_pb_column type=&#8221;3_5&#8243; _builder_version=&#8221;4.16.0&#8243; _module_preset=&#8221;default&#8221; global_colors_info=&#8221;{}&#8221; theme_builder_area=&#8221;post_content&#8221;][et_pb_text _builder_version=&#8221;4.24.0&#8243; _module_preset=&#8221;94fa2ee4-6b60-4d0b-b837-7f0ceae12b87&#8243; text_text_color=&#8221;#FFFFFF&#8221; header_font=&#8221;Montserrat|700|||||||&#8221; header_text_color=&#8221;#FFFFFF&#8221; header_font_size=&#8221;70px&#8221; header_line_height=&#8221;100%&#8221; width=&#8221;100%&#8221; custom_margin=&#8221;|-36px|21px|||&#8221; animation_style=&#8221;flip&#8221; hover_enabled=&#8221;0&#8243; text_font_size_tablet=&#8221;&#8221; text_font_size_phone=&#8221;14px&#8221; text_font_size_last_edited=&#8221;on|phone&#8221; header_font_size_tablet=&#8221;40px&#8221; header_font_size_phone=&#8221;50px&#8221; header_font_size_last_edited=&#8221;on|phone&#8221; header_2_font_size_tablet=&#8221;30px&#8221; header_2_font_size_phone=&#8221;20px&#8221; header_2_font_size_last_edited=&#8221;off|desktop&#8221; locked=&#8221;off&#8221; global_colors_info=&#8221;{}&#8221; theme_builder_area=&#8221;post_content&#8221; sticky_enabled=&#8221;0&#8243;]<\/p>\n<h1>Lloguer minibus Barcelona<\/h1>\n<p>[\/et_pb_text][et_pb_text _builder_version=&#8221;4.24.0&#8243; _module_preset=&#8221;default&#8221; text_font=&#8221;Montserrat||||||||&#8221; text_text_color=&#8221;#FFFFFF&#8221; text_font_size=&#8221;21px&#8221; text_line_height=&#8221;1.4em&#8221; hover_enabled=&#8221;0&#8243; global_colors_info=&#8221;{}&#8221; theme_builder_area=&#8221;post_content&#8221; sticky_enabled=&#8221;0&#8243;]Descobreix Barcelona amb Estil: Lloga Minibusos amb GUINbus[\/et_pb_text][et_pb_divider color=&#8221;#215a89&#8243; _builder_version=&#8221;4.23.1&#8243; _module_preset=&#8221;default&#8221; global_colors_info=&#8221;{}&#8221; theme_builder_area=&#8221;post_content&#8221;][\/et_pb_divider][\/et_pb_column][et_pb_column type=&#8221;2_5&#8243; _builder_version=&#8221;4.23.1&#8243; _module_preset=&#8221;default&#8221; vertical_offset=&#8221;70px&#8221; global_colors_info=&#8221;{}&#8221; theme_builder_area=&#8221;post_content&#8221;][\/et_pb_column][\/et_pb_row][\/et_pb_section][et_pb_section fb_built=&#8221;1&#8243; _builder_version=&#8221;4.23.1&#8243; _module_preset=&#8221;default&#8221; background_image=&#8221;https:\/\/guinbus.com\/wp-content\/uploads\/2024\/02\/b2.png&#8221; background_position=&#8221;center_right&#8221; custom_margin=&#8221;||||false|false&#8221; custom_padding=&#8221;||60px||false|false&#8221; global_colors_info=&#8221;{}&#8221; theme_builder_area=&#8221;post_content&#8221;][et_pb_row _builder_version=&#8221;4.23.1&#8243; _module_preset=&#8221;default&#8221; global_colors_info=&#8221;{}&#8221; theme_builder_area=&#8221;post_content&#8221;][et_pb_column type=&#8221;4_4&#8243; _builder_version=&#8221;4.23.1&#8243; _module_preset=&#8221;default&#8221; global_colors_info=&#8221;{}&#8221; theme_builder_area=&#8221;post_content&#8221;][et_pb_text _builder_version=&#8221;4.24.0&#8243; _module_preset=&#8221;44e52539-cead-43e5-bd57-eb8d3d608b93&#8243; text_text_color=&#8221;#000000&#8243; header_2_font=&#8221;Montserrat|700|||||||&#8221; header_2_text_color=&#8221;#3a3a3a&#8221; header_2_font_size=&#8221;60px&#8221; header_2_line_height=&#8221;120%&#8221; animation_style=&#8221;flip&#8221; hover_enabled=&#8221;0&#8243; header_2_font_size_tablet=&#8221;30px&#8221; header_2_font_size_phone=&#8221;20px&#8221; header_2_font_size_last_edited=&#8221;on|tablet&#8221; global_colors_info=&#8221;{}&#8221; theme_builder_area=&#8221;post_content&#8221; sticky_enabled=&#8221;0&#8243;]<\/p>\n<h2>Viatja amb la major comoditat<\/h2>\n<p>[\/et_pb_text][et_pb_text _builder_version=&#8221;4.24.0&#8243; _module_preset=&#8221;596f4725-1c36-45b8-8f21-69157f74cf89&#8243; text_font=&#8221;Montserrat|500|||||||&#8221; text_text_color=&#8221;#000000&#8243; text_line_height=&#8221;180%&#8221; custom_padding_tablet=&#8221;&#8221; custom_padding_phone=&#8221;|30px|||false|false&#8221; custom_padding_last_edited=&#8221;on|phone&#8221; hover_enabled=&#8221;0&#8243; text_font_size_tablet=&#8221;&#8221; text_font_size_phone=&#8221;14px&#8221; text_font_size_last_edited=&#8221;on|phone&#8221; global_colors_info=&#8221;{}&#8221; theme_builder_area=&#8221;post_content&#8221; sticky_enabled=&#8221;0&#8243;]A GUINbus, ens complau oferir un servei de lloguer de minibusos a Barcelona dissenyat per oferir-vos una experi\u00e8ncia de viatge inigualable. Ja sigui que estiguis organitzant un esdeveniment corporatiu, un viatge de turisme o qualsevol altra ocasi\u00f3 especial, els nostres minibusos us portaran a la vostra destinaci\u00f3 amb estil, comoditat i confian\u00e7a.<\/p>\n<p>Entenem que cada viatge \u00e9s \u00fanic, per aix\u00f2 oferim minibusos personalitzats que s&#8217;adapten a les teves necessitats espec\u00edfiques. Des de grups petits fins a esdeveniments m\u00e9s grans, la nostra flota de minibusos ofereix una varietat d&#8217;opcions per garantir que trobis el vehicle perfecte per a la teva ocasi\u00f3.[\/et_pb_text][\/et_pb_column][\/et_pb_row][\/et_pb_section][et_pb_section fb_built=&#8221;1&#8243; _builder_version=&#8221;4.23.1&#8243; _module_preset=&#8221;default&#8221; background_image=&#8221;https:\/\/guinbus.com\/wp-content\/uploads\/2024\/02\/minibusfondo.jpg&#8221; background_last_edited=&#8221;on|desktop&#8221; global_colors_info=&#8221;{}&#8221; theme_builder_area=&#8221;post_content&#8221;][et_pb_row _builder_version=&#8221;4.23.1&#8243; _module_preset=&#8221;default&#8221; width=&#8221;100%&#8221; max_width=&#8221;1092px&#8221; global_colors_info=&#8221;{}&#8221; theme_builder_area=&#8221;post_content&#8221;][et_pb_column type=&#8221;4_4&#8243; _builder_version=&#8221;4.23.1&#8243; _module_preset=&#8221;default&#8221; global_colors_info=&#8221;{}&#8221; theme_builder_area=&#8221;post_content&#8221;][et_pb_divider show_divider=&#8221;off&#8221; _builder_version=&#8221;4.23.1&#8243; _module_preset=&#8221;default&#8221; custom_padding=&#8221;120px||120px||true|false&#8221; custom_padding_tablet=&#8221;120px||120px||true|false&#8221; custom_padding_phone=&#8221;20px||20px||true|false&#8221; custom_padding_last_edited=&#8221;on|phone&#8221; global_colors_info=&#8221;{}&#8221; theme_builder_area=&#8221;post_content&#8221;][\/et_pb_divider][\/et_pb_column][\/et_pb_row][\/et_pb_section][et_pb_section fb_built=&#8221;1&#8243; admin_label=&#8221;Value Propositions&#8221; _builder_version=&#8221;4.23.1&#8243; _module_preset=&#8221;default&#8221; background_color=&#8221;#215a89&#8243; background_image=&#8221;https:\/\/guinbus.com\/wp-content\/uploads\/2024\/02\/b4.png&#8221; background_position=&#8221;center_right&#8221; custom_padding=&#8221;||||false|false&#8221; collapsed=&#8221;on&#8221; global_colors_info=&#8221;{}&#8221; theme_builder_area=&#8221;post_content&#8221;][et_pb_row column_structure=&#8221;1_2,1_2&#8243; _builder_version=&#8221;4.23.1&#8243; _module_preset=&#8221;default&#8221; background_enable_color=&#8221;off&#8221; global_colors_info=&#8221;{}&#8221; theme_builder_area=&#8221;post_content&#8221;][et_pb_column type=&#8221;1_2&#8243; _builder_version=&#8221;4.16.0&#8243; _module_preset=&#8221;default&#8221; global_colors_info=&#8221;{}&#8221; theme_builder_area=&#8221;post_content&#8221;][et_pb_text _builder_version=&#8221;4.24.0&#8243; _module_preset=&#8221;44e52539-cead-43e5-bd57-eb8d3d608b93&#8243; header_2_font=&#8221;Montserrat|700|||||||&#8221; header_2_text_color=&#8221;#FFFFFF&#8221; header_2_font_size=&#8221;55px&#8221; header_2_line_height=&#8221;120%&#8221; animation_style=&#8221;flip&#8221; hover_enabled=&#8221;0&#8243; header_2_font_size_tablet=&#8221;30px&#8221; header_2_font_size_phone=&#8221;33px&#8221; header_2_font_size_last_edited=&#8221;on|phone&#8221; global_colors_info=&#8221;{}&#8221; theme_builder_area=&#8221;post_content&#8221; sticky_enabled=&#8221;0&#8243;]<\/p>\n<h2>Lloguer minibus amb conductor<\/h2>\n<p>[\/et_pb_text][et_pb_image src=&#8221;https:\/\/guinbus.com\/wp-content\/uploads\/2024\/02\/11.jpg&#8221; title_text=&#8221;11&#8243; _builder_version=&#8221;4.23.1&#8243; _module_preset=&#8221;default&#8221; animation_style=&#8221;flip&#8221; border_radii=&#8221;on|5px|5px|5px|5px&#8221; global_colors_info=&#8221;{}&#8221; theme_builder_area=&#8221;post_content&#8221;][\/et_pb_image][\/et_pb_column][et_pb_column type=&#8221;1_2&#8243; _builder_version=&#8221;4.23.1&#8243; _module_preset=&#8221;default&#8221; horizontal_offset=&#8221;0px&#8221; global_colors_info=&#8221;{}&#8221; horizontal_offset__hover_enabled=&#8221;on|desktop&#8221; horizontal_offset__hover=&#8221;0px&#8221; theme_builder_area=&#8221;post_content&#8221;][et_pb_text _builder_version=&#8221;4.24.0&#8243; _module_preset=&#8221;596f4725-1c36-45b8-8f21-69157f74cf89&#8243; text_font=&#8221;Montserrat|500|||||||&#8221; text_text_color=&#8221;#FFFFFF&#8221; text_line_height=&#8221;180%&#8221; hover_enabled=&#8221;0&#8243; text_font_size_tablet=&#8221;&#8221; text_font_size_phone=&#8221;14px&#8221; text_font_size_last_edited=&#8221;on|phone&#8221; global_colors_info=&#8221;{}&#8221; theme_builder_area=&#8221;post_content&#8221; sticky_enabled=&#8221;0&#8243;]Els nostres conductors altament capacitats i professionals estan compromesos a oferir-te un servei excepcional en cada viatge. Coneixen Barcelona i els seus voltants com el palmell de la m\u00e0, cosa que garanteix que arribis al teu dest\u00ed de manera segura i puntual. A GUINbus, la confian\u00e7a \u00e9s la nostra promesa.<\/p>\n<p>Tot i que ens especialitzem en lloguer de minibusos a Barcelona, els nostres serveis no es limiten nom\u00e9s a la ciutat. Amb la capacitat de viatjar per tot el territori espanyol, estem a punt per emportar-te on necessitis, ja sigui una excursi\u00f3 d&#8217;un dia o un viatge m\u00e9s llarg pel pa\u00eds. Amb GUINbus, el m\u00f3n \u00e9s al teu abast.<\/p>\n<p>Descobreix Barcelona i rodalies amb estil i comoditat en llogar minibusos amb GUINbus. Permeteu-nos ser el vostre soci de confian\u00e7a en cada viatge, i junts crearem records inoblidables en el cam\u00ed.<\/p>\n<p>Contacta&#8217;ns avui mateix per reservar el teu minib\u00fas i comen\u00e7ar la teva propera aventura amb GUINbus![\/et_pb_text][et_pb_button button_url=&#8221;\/ca\/contacte&#8221; button_text=&#8221;Contactar&#8221; _builder_version=&#8221;4.24.0&#8243; _module_preset=&#8221;8d5db7bd-5fee-4286-9c20-cee04f88ca34&#8243; custom_button=&#8221;on&#8221; button_text_size=&#8221;18px&#8221; button_text_color=&#8221;#FFFFFF&#8221; button_bg_color=&#8221;#69a0d5&#8243; button_border_width=&#8221;0px&#8221; button_border_radius=&#8221;5px&#8221; button_font=&#8221;Roboto|500|||||||&#8221; button_use_icon=&#8221;off&#8221; custom_padding=&#8221;14px|24px|14px|24px|true|true&#8221; hover_enabled=&#8221;0&#8243; global_colors_info=&#8221;{}&#8221; theme_builder_area=&#8221;post_content&#8221; sticky_enabled=&#8221;0&#8243;][\/et_pb_button][\/et_pb_column][\/et_pb_row][\/et_pb_section]<\/p>\n","protected":false},"excerpt":{"rendered":"<p>Lloguer minibus BarcelonaDescobreix Barcelona amb Estil: Lloga Minibusos amb GUINbusViatja amb la major comoditatA GUINbus, ens complau oferir un servei de lloguer de minibusos a Barcelona dissenyat per oferir-vos una experi\u00e8ncia de viatge inigualable. Ja sigui que estiguis organitzant un esdeveniment corporatiu, un viatge de turisme o qualsevol altra ocasi\u00f3 especial, els nostres minibusos us [&hellip;]<\/p>\n","protected":false},"author":1,"featured_media":0,"parent":0,"menu_order":0,"comment_status":"closed","ping_status":"closed","template":"","meta":{"_et_pb_use_builder":"on","_et_pb_old_content":"","_et_gb_content_width":"","footnotes":""},"class_list":["post-239","page","type-page","status-publish","hentry"],"yoast_head":"<!-- This site is optimized with the Yoast SEO plugin v27.5 - https:\/\/yoast.com\/product\/yoast-seo-wordpress\/ -->\n<title>\u25b7 Alquiler minibus con conductor Barcelona - Guin Bus \u2705<\/title>\n<meta name=\"description\" content=\"Alquiler minibus \u2705 Guin Bus pone a disposici\u00f3n de nuestros clientes un servicio de alquiler de minibus con conductor en Barcelona.\" \/>\n<meta name=\"robots\" content=\"index, follow, max-snippet:-1, max-image-preview:large, max-video-preview:-1\" \/>\n<link rel=\"canonical\" href=\"https:\/\/guinbus.com\/ca\/lloguer-microbus\" \/>\n<meta property=\"og:locale\" content=\"ca_ES\" \/>\n<meta property=\"og:type\" content=\"article\" \/>\n<meta property=\"og:title\" content=\"\u25b7 Alquiler minibus con conductor Barcelona - Guin Bus \u2705\" \/>\n<meta property=\"og:description\" content=\"Alquiler minibus \u2705 Guin Bus pone a disposici\u00f3n de nuestros clientes un servicio de alquiler de minibus con conductor en Barcelona.\" \/>\n<meta property=\"og:url\" content=\"https:\/\/guinbus.com\/ca\/lloguer-microbus\" \/>\n<meta property=\"og:site_name\" content=\"GUINbus\" \/>\n<meta property=\"article:modified_time\" content=\"2024-02-12T10:28:02+00:00\" \/>\n<meta name=\"twitter:card\" content=\"summary_large_image\" \/>\n<meta name=\"twitter:label1\" content=\"Temps estimat de lectura\" \/>\n\t<meta name=\"twitter:data1\" content=\"2 minuts\" \/>\n<!-- \/ Yoast SEO plugin. -->","yoast_head_json":{"title":"\u25b7 Alquiler minibus con conductor Barcelona - Guin Bus \u2705","description":"Alquiler minibus \u2705 Guin Bus pone a disposici\u00f3n de nuestros clientes un servicio de alquiler de minibus con conductor en Barcelona.","robots":{"index":"index","follow":"follow","max-snippet":"max-snippet:-1","max-image-preview":"max-image-preview:large","max-video-preview":"max-video-preview:-1"},"canonical":"https:\/\/guinbus.com\/ca\/lloguer-microbus","og_locale":"ca_ES","og_type":"article","og_title":"\u25b7 Alquiler minibus con conductor Barcelona - Guin Bus \u2705","og_description":"Alquiler minibus \u2705 Guin Bus pone a disposici\u00f3n de nuestros clientes un servicio de alquiler de minibus con conductor en Barcelona.","og_url":"https:\/\/guinbus.com\/ca\/lloguer-microbus","og_site_name":"GUINbus","article_modified_time":"2024-02-12T10:28:02+00:00","twitter_card":"summary_large_image","twitter_misc":{"Temps estimat de lectura":"2 minuts"},"schema":{"@context":"https:\/\/schema.org","@graph":[{"@type":"WebPage","@id":"https:\/\/guinbus.com\/ca\/lloguer-microbus","url":"https:\/\/guinbus.com\/ca\/lloguer-microbus","name":"\u25b7 Alquiler minibus con conductor Barcelona - Guin Bus \u2705","isPartOf":{"@id":"https:\/\/guinbus.com\/#website"},"datePublished":"2022-01-19T09:11:36+00:00","dateModified":"2024-02-12T10:28:02+00:00","description":"Alquiler minibus \u2705 Guin Bus pone a disposici\u00f3n de nuestros clientes un servicio de alquiler de minibus con conductor en Barcelona.","inLanguage":"ca","potentialAction":[{"@type":"ReadAction","target":["https:\/\/guinbus.com\/ca\/lloguer-microbus"]}]},{"@type":"WebSite","@id":"https:\/\/guinbus.com\/#website","url":"https:\/\/guinbus.com\/","name":"GUINbus","description":"","potentialAction":[{"@type":"SearchAction","target":{"@type":"EntryPoint","urlTemplate":"https:\/\/guinbus.com\/?s={search_term_string}"},"query-input":{"@type":"PropertyValueSpecification","valueRequired":true,"valueName":"search_term_string"}}],"inLanguage":"ca"}]}},"_links":{"self":[{"href":"https:\/\/guinbus.com\/ca\/wp-json\/wp\/v2\/pages\/239","targetHints":{"allow":["GET"]}}],"collection":[{"href":"https:\/\/guinbus.com\/ca\/wp-json\/wp\/v2\/pages"}],"about":[{"href":"https:\/\/guinbus.com\/ca\/wp-json\/wp\/v2\/types\/page"}],"author":[{"embeddable":true,"href":"https:\/\/guinbus.com\/ca\/wp-json\/wp\/v2\/users\/1"}],"replies":[{"embeddable":true,"href":"https:\/\/guinbus.com\/ca\/wp-json\/wp\/v2\/comments?post=239"}],"version-history":[{"count":5,"href":"https:\/\/guinbus.com\/ca\/wp-json\/wp\/v2\/pages\/239\/revisions"}],"predecessor-version":[{"id":602,"href":"https:\/\/guinbus.com\/ca\/wp-json\/wp\/v2\/pages\/239\/revisions\/602"}],"wp:attachment":[{"href":"https:\/\/guinbus.com\/ca\/wp-json\/wp\/v2\/media?parent=239"}],"curies":[{"name":"wp","href":"https:\/\/api.w.org\/{rel}","templated":true}]}}