{"id":238,"date":"2022-01-19T09:18:46","date_gmt":"2022-01-19T09:18:46","guid":{"rendered":"https:\/\/guinbus.com\/autobuses-para-excursiones\/"},"modified":"2024-02-12T10:26:19","modified_gmt":"2024-02-12T10:26:19","slug":"autobusos-per-a-excursions","status":"publish","type":"page","link":"https:\/\/guinbus.com\/ca\/autobusos-per-a-excursions","title":{"rendered":"Autobusos per a excursions"},"content":{"rendered":"<p>[et_pb_section fb_built=&#8221;1&#8243; custom_padding_last_edited=&#8221;on|tablet&#8221; admin_label=&#8221;Header&#8221; _builder_version=&#8221;4.23.1&#8243; _module_preset=&#8221;default&#8221; background_color=&#8221;#000000&#8243; use_background_color_gradient=&#8221;on&#8221; background_color_gradient_stops=&#8221;rgba(4,20,53,0.36) 0%|rgba(4,20,53,0.36) 100%&#8221; background_color_gradient_overlays_image=&#8221;on&#8221; background_image=&#8221;https:\/\/guinbus.com\/wp-content\/uploads\/2024\/02\/1.png&#8221; custom_padding=&#8221;100px||100px||false|false&#8221; custom_padding_tablet=&#8221;||0px||false|false&#8221; custom_padding_phone=&#8221;||0px||false|false&#8221; background_last_edited=&#8221;off|desktop&#8221; background_position_phone=&#8221;bottom_center&#8221; locked=&#8221;off&#8221; collapsed=&#8221;on&#8221; global_colors_info=&#8221;{}&#8221; theme_builder_area=&#8221;post_content&#8221;][et_pb_row column_structure=&#8221;3_5,2_5&#8243; _builder_version=&#8221;4.23.1&#8243; _module_preset=&#8221;default&#8221; custom_padding=&#8221;||||false|false&#8221; global_colors_info=&#8221;{}&#8221; theme_builder_area=&#8221;post_content&#8221;][et_pb_column type=&#8221;3_5&#8243; _builder_version=&#8221;4.16.0&#8243; _module_preset=&#8221;default&#8221; global_colors_info=&#8221;{}&#8221; theme_builder_area=&#8221;post_content&#8221;][et_pb_text _builder_version=&#8221;4.24.0&#8243; _module_preset=&#8221;94fa2ee4-6b60-4d0b-b837-7f0ceae12b87&#8243; text_text_color=&#8221;#FFFFFF&#8221; header_font=&#8221;Montserrat|700|||||||&#8221; header_text_color=&#8221;#FFFFFF&#8221; header_font_size=&#8221;70px&#8221; header_line_height=&#8221;100%&#8221; width=&#8221;100%&#8221; custom_margin=&#8221;|-36px|21px|||&#8221; animation_style=&#8221;flip&#8221; hover_enabled=&#8221;0&#8243; text_font_size_tablet=&#8221;&#8221; text_font_size_phone=&#8221;14px&#8221; text_font_size_last_edited=&#8221;on|phone&#8221; header_font_size_tablet=&#8221;40px&#8221; header_font_size_phone=&#8221;50px&#8221; header_font_size_last_edited=&#8221;on|phone&#8221; header_2_font_size_tablet=&#8221;30px&#8221; header_2_font_size_phone=&#8221;20px&#8221; header_2_font_size_last_edited=&#8221;off|desktop&#8221; locked=&#8221;off&#8221; global_colors_info=&#8221;{}&#8221; theme_builder_area=&#8221;post_content&#8221; sticky_enabled=&#8221;0&#8243;]<\/p>\n<h1>Lloguer d&#8217;autobusos per a excursions<\/h1>\n<p>[\/et_pb_text][et_pb_text _builder_version=&#8221;4.24.0&#8243; _module_preset=&#8221;default&#8221; text_font=&#8221;Montserrat||||||||&#8221; text_text_color=&#8221;#FFFFFF&#8221; text_font_size=&#8221;21px&#8221; text_line_height=&#8221;1.4em&#8221; hover_enabled=&#8221;0&#8243; global_colors_info=&#8221;{}&#8221; theme_builder_area=&#8221;post_content&#8221; sticky_enabled=&#8221;0&#8243;]El nostre servei de transport cobreix tant l&#8217;\u00e0rea de Barcelona com els voltants, no importa on es faci l&#8217;excursi\u00f3.[\/et_pb_text][et_pb_divider color=&#8221;#215a89&#8243; _builder_version=&#8221;4.23.1&#8243; _module_preset=&#8221;default&#8221; global_colors_info=&#8221;{}&#8221; theme_builder_area=&#8221;post_content&#8221;][\/et_pb_divider][\/et_pb_column][et_pb_column type=&#8221;2_5&#8243; _builder_version=&#8221;4.23.1&#8243; _module_preset=&#8221;default&#8221; vertical_offset=&#8221;70px&#8221; global_colors_info=&#8221;{}&#8221; theme_builder_area=&#8221;post_content&#8221;][\/et_pb_column][\/et_pb_row][\/et_pb_section][et_pb_section fb_built=&#8221;1&#8243; _builder_version=&#8221;4.23.1&#8243; _module_preset=&#8221;default&#8221; background_image=&#8221;https:\/\/guinbus.com\/wp-content\/uploads\/2024\/02\/b2.png&#8221; background_position=&#8221;center_right&#8221; custom_margin=&#8221;||||false|false&#8221; custom_padding=&#8221;||60px||false|false&#8221; global_colors_info=&#8221;{}&#8221; theme_builder_area=&#8221;post_content&#8221;][et_pb_row _builder_version=&#8221;4.23.1&#8243; _module_preset=&#8221;default&#8221; global_colors_info=&#8221;{}&#8221; theme_builder_area=&#8221;post_content&#8221;][et_pb_column type=&#8221;4_4&#8243; _builder_version=&#8221;4.23.1&#8243; _module_preset=&#8221;default&#8221; global_colors_info=&#8221;{}&#8221; theme_builder_area=&#8221;post_content&#8221;][et_pb_text _builder_version=&#8221;4.24.0&#8243; _module_preset=&#8221;89e8f159-669b-4873-a528-8be274fa7efc&#8221; text_text_color=&#8221;#69a0d5&#8243; header_4_font=&#8221;Montserrat|700||on|||||&#8221; header_4_text_color=&#8221;#69a0d5&#8243; header_4_font_size=&#8221;14px&#8221; header_4_letter_spacing=&#8221;0.3em&#8221; header_4_line_height=&#8221;1.6em&#8221; custom_margin=&#8221;||0px||false|false&#8221; hover_enabled=&#8221;0&#8243; header_4_font_size_tablet=&#8221;14px&#8221; header_4_font_size_phone=&#8221;12px&#8221; header_4_font_size_last_edited=&#8221;on|phone&#8221; global_colors_info=&#8221;{}&#8221; theme_builder_area=&#8221;post_content&#8221; sticky_enabled=&#8221;0&#8243;]<\/p>\n<h4>GAUDEIX EL VIATGE<\/h4>\n<p>[\/et_pb_text][et_pb_text _builder_version=&#8221;4.24.0&#8243; _module_preset=&#8221;44e52539-cead-43e5-bd57-eb8d3d608b93&#8243; text_text_color=&#8221;#000000&#8243; header_2_font=&#8221;Montserrat|700|||||||&#8221; header_2_text_color=&#8221;#3a3a3a&#8221; header_2_font_size=&#8221;60px&#8221; header_2_line_height=&#8221;120%&#8221; animation_style=&#8221;flip&#8221; hover_enabled=&#8221;0&#8243; header_2_font_size_tablet=&#8221;30px&#8221; header_2_font_size_phone=&#8221;20px&#8221; header_2_font_size_last_edited=&#8221;on|tablet&#8221; global_colors_info=&#8221;{}&#8221; theme_builder_area=&#8221;post_content&#8221; sticky_enabled=&#8221;0&#8243;]<\/p>\n<h2>Recorre el territori amb GUINbus<\/h2>\n<p>[\/et_pb_text][et_pb_text _builder_version=&#8221;4.24.0&#8243; _module_preset=&#8221;596f4725-1c36-45b8-8f21-69157f74cf89&#8243; text_font=&#8221;Montserrat|500|||||||&#8221; text_text_color=&#8221;#000000&#8243; text_line_height=&#8221;180%&#8221; custom_padding_tablet=&#8221;&#8221; custom_padding_phone=&#8221;|30px|||false|false&#8221; custom_padding_last_edited=&#8221;on|phone&#8221; hover_enabled=&#8221;0&#8243; text_font_size_tablet=&#8221;&#8221; text_font_size_phone=&#8221;14px&#8221; text_font_size_last_edited=&#8221;on|phone&#8221; global_colors_info=&#8221;{}&#8221; theme_builder_area=&#8221;post_content&#8221; sticky_enabled=&#8221;0&#8243;]A GUINbus ens encarreguem del servei de lloguer d\u00b4autobusos per a excursions i altres serveis de trasllat de passatgers. El nostre servei de transport cobreix tant l&#8217;<strong>\u00e0rea de Barcelona<\/strong> com els voltants, no importa on es realitzi l&#8217;excursi\u00f3, pot ser, o b\u00e9 un recorregut simple a la pr\u00f2pia capital, o qualsevol altre tipus de viatge d&#8217;un o m\u00e9s dies de durada, a <strong>diferents punts d&#8217;Espanya<\/strong>.<\/p>\n<p>Si est\u00e0s pensant en anar-te&#8217;n d&#8217;excursi\u00f3, anar de visita a altres ciutats, si tens un dinar amb amics o familiars, una celebraci\u00f3, un aniversari, etc, posem a la teva disposici\u00f3 tota una gamma de lloguer d&#8217;autocars per a excursions i et garantim que vas a quedar satisfet amb el servei. Tu nom\u00e9s t&#8217;haur\u00e0s de preocupar de relaxar-te i gaudir del viatge.[\/et_pb_text][\/et_pb_column][\/et_pb_row][\/et_pb_section][et_pb_section fb_built=&#8221;1&#8243; _builder_version=&#8221;4.23.1&#8243; _module_preset=&#8221;default&#8221; background_image=&#8221;https:\/\/guinbus.com\/wp-content\/uploads\/2024\/02\/25892193476_45931f1287_h.jpg&#8221; background_last_edited=&#8221;on|desktop&#8221; global_colors_info=&#8221;{}&#8221; theme_builder_area=&#8221;post_content&#8221;][et_pb_row _builder_version=&#8221;4.23.1&#8243; _module_preset=&#8221;default&#8221; width=&#8221;100%&#8221; max_width=&#8221;1092px&#8221; global_colors_info=&#8221;{}&#8221; theme_builder_area=&#8221;post_content&#8221;][et_pb_column type=&#8221;4_4&#8243; _builder_version=&#8221;4.23.1&#8243; _module_preset=&#8221;default&#8221; global_colors_info=&#8221;{}&#8221; theme_builder_area=&#8221;post_content&#8221;][et_pb_divider show_divider=&#8221;off&#8221; _builder_version=&#8221;4.23.1&#8243; _module_preset=&#8221;default&#8221; custom_padding=&#8221;120px||120px||true|false&#8221; custom_padding_tablet=&#8221;120px||120px||true|false&#8221; custom_padding_phone=&#8221;20px||20px||true|false&#8221; custom_padding_last_edited=&#8221;on|phone&#8221; global_colors_info=&#8221;{}&#8221; theme_builder_area=&#8221;post_content&#8221;][\/et_pb_divider][\/et_pb_column][\/et_pb_row][\/et_pb_section][et_pb_section fb_built=&#8221;1&#8243; admin_label=&#8221;Value Propositions&#8221; _builder_version=&#8221;4.23.1&#8243; _module_preset=&#8221;default&#8221; background_color=&#8221;#215a89&#8243; background_image=&#8221;https:\/\/guinbus.com\/wp-content\/uploads\/2024\/02\/b4.png&#8221; background_position=&#8221;center_right&#8221; custom_padding=&#8221;||||false|false&#8221; collapsed=&#8221;on&#8221; global_colors_info=&#8221;{}&#8221; theme_builder_area=&#8221;post_content&#8221;][et_pb_row column_structure=&#8221;1_2,1_2&#8243; _builder_version=&#8221;4.23.1&#8243; _module_preset=&#8221;default&#8221; background_enable_color=&#8221;off&#8221; global_colors_info=&#8221;{}&#8221; theme_builder_area=&#8221;post_content&#8221;][et_pb_column type=&#8221;1_2&#8243; _builder_version=&#8221;4.16.0&#8243; _module_preset=&#8221;default&#8221; global_colors_info=&#8221;{}&#8221; theme_builder_area=&#8221;post_content&#8221;][et_pb_text _builder_version=&#8221;4.24.0&#8243; _module_preset=&#8221;89e8f159-669b-4873-a528-8be274fa7efc&#8221; text_text_color=&#8221;#69a0d5&#8243; header_4_font=&#8221;Montserrat|700||on|||||&#8221; header_4_text_color=&#8221;#69a0d5&#8243; header_4_font_size=&#8221;14px&#8221; header_4_letter_spacing=&#8221;0.3em&#8221; header_4_line_height=&#8221;1.6em&#8221; custom_margin=&#8221;||0px||false|false&#8221; hover_enabled=&#8221;0&#8243; header_4_font_size_tablet=&#8221;14px&#8221; header_4_font_size_phone=&#8221;12px&#8221; header_4_font_size_last_edited=&#8221;on|phone&#8221; global_colors_info=&#8221;{}&#8221; theme_builder_area=&#8221;post_content&#8221; sticky_enabled=&#8221;0&#8243;]<\/p>\n<h4>ESTEM AQU\u00cd<\/h4>\n<p>[\/et_pb_text][et_pb_text _builder_version=&#8221;4.24.0&#8243; _module_preset=&#8221;44e52539-cead-43e5-bd57-eb8d3d608b93&#8243; header_2_font=&#8221;Montserrat|700|||||||&#8221; header_2_text_color=&#8221;#FFFFFF&#8221; header_2_font_size=&#8221;52px&#8221; header_2_line_height=&#8221;120%&#8221; animation_style=&#8221;flip&#8221; hover_enabled=&#8221;0&#8243; header_2_font_size_tablet=&#8221;30px&#8221; header_2_font_size_phone=&#8221;33px&#8221; header_2_font_size_last_edited=&#8221;on|phone&#8221; global_colors_info=&#8221;{}&#8221; theme_builder_area=&#8221;post_content&#8221; sticky_enabled=&#8221;0&#8243;]<\/p>\n<h2>Ens adaptem a les teves necessitats<\/h2>\n<p>[\/et_pb_text][et_pb_image src=&#8221;https:\/\/guinbus.com\/wp-content\/uploads\/2022\/01\/flota-bus-6.jpg&#8221; title_text=&#8221;flota-bus-6&#8243; _builder_version=&#8221;4.23.1&#8243; _module_preset=&#8221;default&#8221; animation_style=&#8221;flip&#8221; border_radii=&#8221;on|5px|5px|5px|5px&#8221; global_colors_info=&#8221;{}&#8221; theme_builder_area=&#8221;post_content&#8221;][\/et_pb_image][\/et_pb_column][et_pb_column type=&#8221;1_2&#8243; _builder_version=&#8221;4.23.1&#8243; _module_preset=&#8221;default&#8221; horizontal_offset=&#8221;0px&#8221; global_colors_info=&#8221;{}&#8221; horizontal_offset__hover_enabled=&#8221;on|desktop&#8221; horizontal_offset__hover=&#8221;0px&#8221; theme_builder_area=&#8221;post_content&#8221;][et_pb_text _builder_version=&#8221;4.24.0&#8243; _module_preset=&#8221;596f4725-1c36-45b8-8f21-69157f74cf89&#8243; text_font=&#8221;Montserrat|500|||||||&#8221; text_text_color=&#8221;#FFFFFF&#8221; text_line_height=&#8221;180%&#8221; hover_enabled=&#8221;0&#8243; text_font_size_tablet=&#8221;&#8221; text_font_size_phone=&#8221;14px&#8221; text_font_size_last_edited=&#8221;on|phone&#8221; global_colors_info=&#8221;{}&#8221; theme_builder_area=&#8221;post_content&#8221; sticky_enabled=&#8221;0&#8243;]GUINbus est\u00e0 especialitzat en transport tur\u00edstic. Espanya \u00e9s un dels pa\u00efsos amb m\u00e9s \u00edndex de turisme, per la qual cosa la qualitat de servei que se sol\u00b7licita exigeix un nivell alt de qualitat. i nosaltres estem orgullosos de poder oferir un alt nivell de qualitat. Aquestes s\u00f3n els nostres serveis principals en el lloguer d\u00b4autobusos per a excursions: transport nacional, excursions, visites, trasllats, transfer, esdeveniments.<\/p>\n<p>Tots els nostres autobusos estan equipats amb equipats amb DVD, butaques de pell, doble lluna, , GPS, ABS, butaques reclinables i despla\u00e7ables. Comptem amb vehicles especials de 30 i 60 places.<\/p>\n<p>Fer un viatge sempre \u00e9s una cosa meravellosa i si a m\u00e9s ho pots compartir amb altres, encara m\u00e9s. El trajecte \u00e9s un moment ideal per poder parlar i con\u00e8ixer els altres viatgers. Fins i tot \u00e9s un moment perfecte per parlar per tel\u00e8fon amb aquelles persones que fa temps que no parlem o no veiem.<\/p>\n<p>Tot s\u00f3n avantatges a l&#8217;hora de reservar el nostre servei de lloguer d&#8217;autobusos per a excursions, perqu\u00e8 a m\u00e9s de relaxar-se i gaudir del trajecte sense preocupacions, c\u00f2mode i segur, tamb\u00e9 suposa estalviar diners. Si ens pos\u00e9ssim a calcular els diners que necessitar\u00edem invertir en combustible si cadasc\u00fa va per separat al final ens adonar\u00edem que contractar el servei de lloguer d&#8217;autobusos per a excursions surt totalment rendible.[\/et_pb_text][et_pb_button button_url=&#8221;\/ca\/contacte&#8221; button_text=&#8221;Contactar&#8221; _builder_version=&#8221;4.24.0&#8243; _module_preset=&#8221;8d5db7bd-5fee-4286-9c20-cee04f88ca34&#8243; custom_button=&#8221;on&#8221; button_text_size=&#8221;18px&#8221; button_text_color=&#8221;#FFFFFF&#8221; button_bg_color=&#8221;#69a0d5&#8243; button_border_width=&#8221;0px&#8221; button_border_radius=&#8221;5px&#8221; button_font=&#8221;Roboto|500|||||||&#8221; button_use_icon=&#8221;off&#8221; custom_padding=&#8221;14px|24px|14px|24px|true|true&#8221; hover_enabled=&#8221;0&#8243; global_colors_info=&#8221;{}&#8221; theme_builder_area=&#8221;post_content&#8221; sticky_enabled=&#8221;0&#8243;][\/et_pb_button][\/et_pb_column][\/et_pb_row][\/et_pb_section]<\/p>\n","protected":false},"excerpt":{"rendered":"<p>Lloguer d&#8217;autobusos per a excursionsEl nostre servei de transport cobreix tant l&#8217;\u00e0rea de Barcelona com els voltants, no importa on es faci l&#8217;excursi\u00f3.GAUDEIX EL VIATGERecorre el territori amb GUINbusA GUINbus ens encarreguem del servei de lloguer d\u00b4autobusos per a excursions i altres serveis de trasllat de passatgers. El nostre servei de transport cobreix tant l&#8217;\u00e0rea [&hellip;]<\/p>\n","protected":false},"author":1,"featured_media":0,"parent":0,"menu_order":0,"comment_status":"closed","ping_status":"closed","template":"","meta":{"_et_pb_use_builder":"on","_et_pb_old_content":"","_et_gb_content_width":"","footnotes":""},"class_list":["post-238","page","type-page","status-publish","hentry"],"yoast_head":"<!-- This site is optimized with the Yoast SEO plugin v27.2 - https:\/\/yoast.com\/product\/yoast-seo-wordpress\/ -->\n<title>Alquiler de autobuses para excursiones - Guinbus.com \u2705<\/title>\n<meta name=\"description\" content=\"Guinardo-bus S.L. alquiler de autobuses para excursiones en Barcelona y alrededores. \u2705 Colegios - Traslados al aeropuerto - Eventos - Bodas\" \/>\n<meta name=\"robots\" content=\"index, follow, max-snippet:-1, max-image-preview:large, max-video-preview:-1\" \/>\n<link rel=\"canonical\" href=\"https:\/\/guinbus.com\/ca\/autobusos-per-a-excursions\" \/>\n<meta property=\"og:locale\" content=\"ca_ES\" \/>\n<meta property=\"og:type\" content=\"article\" \/>\n<meta property=\"og:title\" content=\"Alquiler de autobuses para excursiones - Guinbus.com \u2705\" \/>\n<meta property=\"og:description\" content=\"Guinardo-bus S.L. alquiler de autobuses para excursiones en Barcelona y alrededores. \u2705 Colegios - Traslados al aeropuerto - Eventos - Bodas\" \/>\n<meta property=\"og:url\" content=\"https:\/\/guinbus.com\/ca\/autobusos-per-a-excursions\" \/>\n<meta property=\"og:site_name\" content=\"GUINbus\" \/>\n<meta property=\"article:modified_time\" content=\"2024-02-12T10:26:19+00:00\" \/>\n<meta name=\"twitter:card\" content=\"summary_large_image\" \/>\n<meta name=\"twitter:label1\" content=\"Temps estimat de lectura\" \/>\n\t<meta name=\"twitter:data1\" content=\"3 minuts\" \/>\n<!-- \/ Yoast SEO plugin. -->","yoast_head_json":{"title":"Alquiler de autobuses para excursiones - Guinbus.com \u2705","description":"Guinardo-bus S.L. alquiler de autobuses para excursiones en Barcelona y alrededores. \u2705 Colegios - Traslados al aeropuerto - Eventos - Bodas","robots":{"index":"index","follow":"follow","max-snippet":"max-snippet:-1","max-image-preview":"max-image-preview:large","max-video-preview":"max-video-preview:-1"},"canonical":"https:\/\/guinbus.com\/ca\/autobusos-per-a-excursions","og_locale":"ca_ES","og_type":"article","og_title":"Alquiler de autobuses para excursiones - Guinbus.com \u2705","og_description":"Guinardo-bus S.L. alquiler de autobuses para excursiones en Barcelona y alrededores. \u2705 Colegios - Traslados al aeropuerto - Eventos - Bodas","og_url":"https:\/\/guinbus.com\/ca\/autobusos-per-a-excursions","og_site_name":"GUINbus","article_modified_time":"2024-02-12T10:26:19+00:00","twitter_card":"summary_large_image","twitter_misc":{"Temps estimat de lectura":"3 minuts"},"schema":{"@context":"https:\/\/schema.org","@graph":[{"@type":"WebPage","@id":"https:\/\/guinbus.com\/ca\/autobusos-per-a-excursions","url":"https:\/\/guinbus.com\/ca\/autobusos-per-a-excursions","name":"Alquiler de autobuses para excursiones - Guinbus.com \u2705","isPartOf":{"@id":"https:\/\/guinbus.com\/#website"},"datePublished":"2022-01-19T09:18:46+00:00","dateModified":"2024-02-12T10:26:19+00:00","description":"Guinardo-bus S.L. alquiler de autobuses para excursiones en Barcelona y alrededores. \u2705 Colegios - Traslados al aeropuerto - Eventos - Bodas","inLanguage":"ca","potentialAction":[{"@type":"ReadAction","target":["https:\/\/guinbus.com\/ca\/autobusos-per-a-excursions"]}]},{"@type":"WebSite","@id":"https:\/\/guinbus.com\/#website","url":"https:\/\/guinbus.com\/","name":"GUINbus","description":"","potentialAction":[{"@type":"SearchAction","target":{"@type":"EntryPoint","urlTemplate":"https:\/\/guinbus.com\/?s={search_term_string}"},"query-input":{"@type":"PropertyValueSpecification","valueRequired":true,"valueName":"search_term_string"}}],"inLanguage":"ca"}]}},"_links":{"self":[{"href":"https:\/\/guinbus.com\/ca\/wp-json\/wp\/v2\/pages\/238","targetHints":{"allow":["GET"]}}],"collection":[{"href":"https:\/\/guinbus.com\/ca\/wp-json\/wp\/v2\/pages"}],"about":[{"href":"https:\/\/guinbus.com\/ca\/wp-json\/wp\/v2\/types\/page"}],"author":[{"embeddable":true,"href":"https:\/\/guinbus.com\/ca\/wp-json\/wp\/v2\/users\/1"}],"replies":[{"embeddable":true,"href":"https:\/\/guinbus.com\/ca\/wp-json\/wp\/v2\/comments?post=238"}],"version-history":[{"count":5,"href":"https:\/\/guinbus.com\/ca\/wp-json\/wp\/v2\/pages\/238\/revisions"}],"predecessor-version":[{"id":601,"href":"https:\/\/guinbus.com\/ca\/wp-json\/wp\/v2\/pages\/238\/revisions\/601"}],"wp:attachment":[{"href":"https:\/\/guinbus.com\/ca\/wp-json\/wp\/v2\/media?parent=238"}],"curies":[{"name":"wp","href":"https:\/\/api.w.org\/{rel}","templated":true}]}}