{"id":237,"date":"2022-01-19T09:22:12","date_gmt":"2022-01-19T09:22:12","guid":{"rendered":"https:\/\/guinbus.com\/presupuesto\/"},"modified":"2024-02-12T10:33:49","modified_gmt":"2024-02-12T10:33:49","slug":"pressupost","status":"publish","type":"page","link":"https:\/\/guinbus.com\/ca\/pressupost","title":{"rendered":"Pressupost"},"content":{"rendered":"<p>[et_pb_section fb_built=&#8221;1&#8243; custom_padding_last_edited=&#8221;on|tablet&#8221; admin_label=&#8221;Header&#8221; _builder_version=&#8221;4.23.1&#8243; _module_preset=&#8221;default&#8221; background_color=&#8221;#000000&#8243; use_background_color_gradient=&#8221;on&#8221; background_color_gradient_stops=&#8221;rgba(4,20,53,0.36) 0%|rgba(4,20,53,0.36) 100%&#8221; background_color_gradient_overlays_image=&#8221;on&#8221; background_image=&#8221;https:\/\/guinbus.com\/wp-content\/uploads\/2024\/02\/presup.jpg&#8221; custom_padding=&#8221;71px||71px||true|false&#8221; custom_padding_tablet=&#8221;||0px||false|false&#8221; custom_padding_phone=&#8221;||0px||false|false&#8221; background_last_edited=&#8221;off|desktop&#8221; background_position_phone=&#8221;bottom_center&#8221; locked=&#8221;off&#8221; collapsed=&#8221;on&#8221; global_colors_info=&#8221;{}&#8221;][et_pb_row column_structure=&#8221;3_5,2_5&#8243; _builder_version=&#8221;4.23.1&#8243; _module_preset=&#8221;default&#8221; custom_padding=&#8221;0px||0px||true|false&#8221; global_colors_info=&#8221;{}&#8221;][et_pb_column type=&#8221;3_5&#8243; _builder_version=&#8221;4.16.0&#8243; _module_preset=&#8221;default&#8221; global_colors_info=&#8221;{}&#8221;][et_pb_text _builder_version=&#8221;4.24.0&#8243; _module_preset=&#8221;94fa2ee4-6b60-4d0b-b837-7f0ceae12b87&#8243; text_text_color=&#8221;#FFFFFF&#8221; header_font=&#8221;Montserrat|700|||||||&#8221; header_text_color=&#8221;#FFFFFF&#8221; header_font_size=&#8221;70px&#8221; header_line_height=&#8221;100%&#8221; width=&#8221;100%&#8221; custom_margin=&#8221;|-36px|21px|||&#8221; animation_style=&#8221;flip&#8221; hover_enabled=&#8221;0&#8243; text_font_size_tablet=&#8221;&#8221; text_font_size_phone=&#8221;14px&#8221; text_font_size_last_edited=&#8221;on|phone&#8221; header_font_size_tablet=&#8221;40px&#8221; header_font_size_phone=&#8221;50px&#8221; header_font_size_last_edited=&#8221;on|phone&#8221; header_2_font_size_tablet=&#8221;30px&#8221; header_2_font_size_phone=&#8221;20px&#8221; header_2_font_size_last_edited=&#8221;off|desktop&#8221; locked=&#8221;off&#8221; global_colors_info=&#8221;{}&#8221; sticky_enabled=&#8221;0&#8243;]<\/p>\n<h1>Sol\u00b7licitar pressupost<\/h1>\n<p>[\/et_pb_text][et_pb_text _builder_version=&#8221;4.24.0&#8243; _module_preset=&#8221;default&#8221; text_font=&#8221;Montserrat||||||||&#8221; text_text_color=&#8221;#FFFFFF&#8221; text_font_size=&#8221;19px&#8221; text_line_height=&#8221;1.4em&#8221; hover_enabled=&#8221;0&#8243; global_colors_info=&#8221;{}&#8221; sticky_enabled=&#8221;0&#8243;]Posem a la vostra disposici\u00f3 el seg\u00fcent servei: completant aquest formulari Guin Bus us confeccionar\u00e0 un pressupost, i ens posarem en contacte amb Vost\u00e8 en 24 hores[\/et_pb_text][et_pb_divider color=&#8221;#215a89&#8243; _builder_version=&#8221;4.23.1&#8243; _module_preset=&#8221;default&#8221; global_colors_info=&#8221;{}&#8221;][\/et_pb_divider][\/et_pb_column][et_pb_column type=&#8221;2_5&#8243; _builder_version=&#8221;4.23.1&#8243; _module_preset=&#8221;default&#8221; vertical_offset=&#8221;70px&#8221; global_colors_info=&#8221;{}&#8221;][\/et_pb_column][\/et_pb_row][\/et_pb_section][et_pb_section fb_built=&#8221;1&#8243; _builder_version=&#8221;4.23.1&#8243; _module_preset=&#8221;default&#8221; background_image=&#8221;https:\/\/guinbus.com\/wp-content\/uploads\/2024\/02\/b2.png&#8221; background_position=&#8221;center_right&#8221; custom_margin=&#8221;||||false|false&#8221; custom_padding=&#8221;||60px||false|false&#8221; global_colors_info=&#8221;{}&#8221;][et_pb_row _builder_version=&#8221;4.23.1&#8243; _module_preset=&#8221;default&#8221; global_colors_info=&#8221;{}&#8221;][et_pb_column type=&#8221;4_4&#8243; _builder_version=&#8221;4.23.1&#8243; _module_preset=&#8221;default&#8221; global_colors_info=&#8221;{}&#8221;][et_pb_text _builder_version=&#8221;4.16&#8243; _module_preset=&#8221;default&#8221; global_colors_info=&#8221;{}&#8221;]<\/p>\n\n<div class=\"wpcf7 no-js\" id=\"wpcf7-f277-o1\" lang=\"es-ES\" dir=\"ltr\" data-wpcf7-id=\"277\">\n<div class=\"screen-reader-response\"><p role=\"status\" aria-live=\"polite\" aria-atomic=\"true\"><\/p> <ul><\/ul><\/div>\n<form action=\"\/ca\/wp-json\/wp\/v2\/pages\/237#wpcf7-f277-o1\" method=\"post\" class=\"wpcf7-form init\" aria-label=\"Formulario de contacto\" novalidate=\"novalidate\" data-status=\"init\">\n<fieldset class=\"hidden-fields-container\"><input type=\"hidden\" name=\"_wpcf7\" value=\"277\" \/><input type=\"hidden\" name=\"_wpcf7_version\" value=\"6.1.5\" \/><input type=\"hidden\" name=\"_wpcf7_locale\" value=\"es_ES\" \/><input type=\"hidden\" name=\"_wpcf7_unit_tag\" value=\"wpcf7-f277-o1\" \/><input type=\"hidden\" name=\"_wpcf7_container_post\" value=\"0\" \/><input type=\"hidden\" name=\"_wpcf7_posted_data_hash\" value=\"\" \/>\n<\/fieldset>\n<div class=\"presu\">\n\t<p><strong>Dades del viatge<\/strong>\n\t<\/p>\n\t<p>Lloc de partida:<span class=\"wpcf7-form-control-wrap\" data-name=\"partida\"><input size=\"40\" maxlength=\"400\" class=\"wpcf7-form-control wpcf7-text\" aria-invalid=\"false\" value=\"\" type=\"text\" name=\"partida\" \/><\/span>\n\t<\/p>\n\t<p>Data de sortida:<span class=\"wpcf7-form-control-wrap\" data-name=\"salida\"><input class=\"wpcf7-form-control wpcf7-date wpcf7-validates-as-date\" aria-invalid=\"false\" value=\"\" type=\"date\" name=\"salida\" \/><\/span>\n\t<\/p>\n\t<p>Hora de sortida:<span class=\"wpcf7-form-control-wrap\" data-name=\"hora\"><input size=\"40\" maxlength=\"400\" class=\"wpcf7-form-control wpcf7-text\" aria-invalid=\"false\" value=\"\" type=\"text\" name=\"hora\" \/><\/span>\n\t<\/p>\n\t<p>Lloc de dest\u00ed:<span class=\"wpcf7-form-control-wrap\" data-name=\"destino\"><input size=\"40\" maxlength=\"400\" class=\"wpcf7-form-control wpcf7-text\" aria-invalid=\"false\" value=\"\" type=\"text\" name=\"destino\" \/><\/span>\n\t<\/p>\n\t<p>Hora de tornada: <span class=\"wpcf7-form-control-wrap\" data-name=\"horaretorno\"><input size=\"40\" maxlength=\"400\" class=\"wpcf7-form-control wpcf7-text\" aria-invalid=\"false\" value=\"\" type=\"text\" name=\"horaretorno\" \/><\/span>\n\t<\/p>\n\t<p>Data de tornada: <span class=\"wpcf7-form-control-wrap\" data-name=\"retorno\"><input class=\"wpcf7-form-control wpcf7-date wpcf7-validates-as-date\" aria-invalid=\"false\" value=\"\" type=\"date\" name=\"retorno\" \/><\/span>\n\t<\/p>\n\t<p>Nombre de passatgers: <span class=\"wpcf7-form-control-wrap\" data-name=\"pasajeros\"><input size=\"40\" maxlength=\"400\" class=\"wpcf7-form-control wpcf7-text\" aria-invalid=\"false\" value=\"\" type=\"text\" name=\"pasajeros\" \/><\/span>\n\t<\/p>\n\t<p >Tipus de servei: <span class=\"wpcf7-form-control-wrap\" data-name=\"servicio\"><select class=\"wpcf7-form-control wpcf7-select\" aria-invalid=\"false\" name=\"servicio\"><option value=\"trasllatss-transfers\">trasllatss-transfers<\/option><option value=\"convecions-congressos\">convecions-congressos<\/option><option value=\"excursions-viatgess\">excursions-viatgess<\/option><option value=\"circuits\">circuits<\/option><option value=\"transport empresses\">transport empresses<\/option><option value=\"Casaments\">Casaments<\/option><option value=\"transport escolar\">transport escolar<\/option><option value=\"comiats\">comiats<\/option><option value=\"altres\">altres<\/option><\/select><\/span>\n\t<\/p>\n\t<p >Dietes del conductor a c\u00e0rrec: <span class=\"wpcf7-form-control-wrap\" data-name=\"radio-78\"><span class=\"wpcf7-form-control wpcf7-radio\"><span class=\"wpcf7-list-item first\"><input type=\"radio\" name=\"radio-78\" value=\"Guin bus\" checked=\"checked\" \/><span class=\"wpcf7-list-item-label\">Guin bus<\/span><\/span><span class=\"wpcf7-list-item last\"><input type=\"radio\" name=\"radio-78\" value=\"Client\" \/><span class=\"wpcf7-list-item-label\">Client<\/span><\/span><\/span><\/span>\n\t<\/p>\n<\/div>\n<div class=\"presu\">\n\t<p><strong>Dades persona de contacte:<\/strong>\n\t<\/p>\n\t<p>Nom <span class=\"wpcf7-form-control-wrap\" data-name=\"your-name\"><input size=\"40\" maxlength=\"400\" class=\"wpcf7-form-control wpcf7-text wpcf7-validates-as-required\" aria-required=\"true\" aria-invalid=\"false\" value=\"\" type=\"text\" name=\"your-name\" \/><\/span>\n\t<\/p>\n\t<p >Email <span class=\"wpcf7-form-control-wrap\" data-name=\"your-email\"><input size=\"40\" maxlength=\"400\" class=\"wpcf7-form-control wpcf7-email wpcf7-validates-as-required wpcf7-text wpcf7-validates-as-email\" aria-required=\"true\" aria-invalid=\"false\" value=\"\" type=\"email\" name=\"your-email\" \/><\/span>\n\t<\/p>\n\t<p >Tel\u00e8fon<span class=\"wpcf7-form-control-wrap\" data-name=\"tel\"><input size=\"40\" maxlength=\"400\" class=\"wpcf7-form-control wpcf7-tel wpcf7-text wpcf7-validates-as-tel\" aria-invalid=\"false\" value=\"\" type=\"tel\" name=\"tel\" \/><\/span>\n\t<\/p>\n\t<p>Observacions o dades adicionals:<span class=\"wpcf7-form-control-wrap\" data-name=\"oberv\"><textarea cols=\"40\" rows=\"10\" maxlength=\"2000\" class=\"wpcf7-form-control wpcf7-textarea\" aria-invalid=\"false\" name=\"oberv\"><\/textarea><\/span>\n\t<\/p>\n\t<p><span class=\"wpcf7-form-control-wrap\" data-name=\"acceptance-729\"><span class=\"wpcf7-form-control wpcf7-acceptance\"><span class=\"wpcf7-list-item\"><label><input type=\"checkbox\" name=\"acceptance-729\" value=\"1\" aria-invalid=\"false\" \/><span class=\"wpcf7-list-item-label\">*He llegit els termes i condicions i accepto la <a href=\"\/ca\/aviso-legal\">Pol\u00edtica de Privacidad <\/a><\/span><\/label><\/span><\/span><\/span>\n\t<\/p>\n\t<p><span class=\"wpcf7-form-control-wrap\" data-name=\"checkbox-71\"><span class=\"wpcf7-form-control wpcf7-checkbox\"><span class=\"wpcf7-list-item first last\"><input type=\"checkbox\" name=\"checkbox-71[]\" value=\"Accepto rebre informaci\u00f3 comercial, fins i tot per correu electr\u00f2nic.\" \/><span class=\"wpcf7-list-item-label\">Accepto rebre informaci\u00f3 comercial, fins i tot per correu electr\u00f2nic.<\/span><\/span><\/span><\/span>\n\t<\/p>\n\t<p><input class=\"wpcf7-form-control wpcf7-submit has-spinner\" type=\"submit\" value=\"Enviar\" \/>\n\t<\/p>\n<\/div><div class=\"wpcf7-response-output\" aria-hidden=\"true\"><\/div>\n<\/form>\n<\/div>\n\n<p>[\/et_pb_text][\/et_pb_column][\/et_pb_row][\/et_pb_section]<\/p>\n","protected":false},"excerpt":{"rendered":"<p>Sol\u00b7licitar pressupostPosem a la vostra disposici\u00f3 el seg\u00fcent servei: completant aquest formulari Guin Bus us confeccionar\u00e0 un pressupost, i ens posarem en contacte amb Vost\u00e8 en 24 hores\n<div class=\"wpcf7 no-js\" id=\"wpcf7-f277-o2\" lang=\"es-ES\" dir=\"ltr\" data-wpcf7-id=\"277\">\n<div class=\"screen-reader-response\"><p role=\"status\" aria-live=\"polite\" aria-atomic=\"true\"><\/p> <ul><\/ul><\/div>\n<form action=\"\/ca\/wp-json\/wp\/v2\/pages\/237#wpcf7-f277-o2\" method=\"post\" class=\"wpcf7-form init\" aria-label=\"Formulario de contacto\" novalidate=\"novalidate\" data-status=\"init\">\n<fieldset class=\"hidden-fields-container\"><input type=\"hidden\" name=\"_wpcf7\" value=\"277\" \/><input type=\"hidden\" name=\"_wpcf7_version\" value=\"6.1.5\" \/><input type=\"hidden\" name=\"_wpcf7_locale\" value=\"es_ES\" \/><input type=\"hidden\" name=\"_wpcf7_unit_tag\" value=\"wpcf7-f277-o2\" \/><input type=\"hidden\" name=\"_wpcf7_container_post\" value=\"0\" \/><input type=\"hidden\" name=\"_wpcf7_posted_data_hash\" value=\"\" \/>\n<\/fieldset>\n<div class=\"presu\">\n\t<p><strong>Dades del viatge<\/strong>\n\t<\/p>\n\t<p>Lloc de partida:<span class=\"wpcf7-form-control-wrap\" data-name=\"partida\"><input size=\"40\" maxlength=\"400\" class=\"wpcf7-form-control wpcf7-text\" aria-invalid=\"false\" value=\"\" type=\"text\" name=\"partida\" \/><\/span>\n\t<\/p>\n\t<p>Data de sortida:<span class=\"wpcf7-form-control-wrap\" data-name=\"salida\"><input class=\"wpcf7-form-control wpcf7-date wpcf7-validates-as-date\" aria-invalid=\"false\" value=\"\" type=\"date\" name=\"salida\" \/><\/span>\n\t<\/p>\n\t<p>Hora de sortida:<span class=\"wpcf7-form-control-wrap\" data-name=\"hora\"><input size=\"40\" maxlength=\"400\" class=\"wpcf7-form-control wpcf7-text\" aria-invalid=\"false\" value=\"\" type=\"text\" name=\"hora\" \/><\/span>\n\t<\/p>\n\t<p>Lloc de dest\u00ed:<span class=\"wpcf7-form-control-wrap\" data-name=\"destino\"><input size=\"40\" maxlength=\"400\" class=\"wpcf7-form-control wpcf7-text\" aria-invalid=\"false\" value=\"\" type=\"text\" name=\"destino\" \/><\/span>\n\t<\/p>\n\t<p>Hora de tornada: <span class=\"wpcf7-form-control-wrap\" data-name=\"horaretorno\"><input size=\"40\" maxlength=\"400\" class=\"wpcf7-form-control wpcf7-text\" aria-invalid=\"false\" value=\"\" type=\"text\" name=\"horaretorno\" \/><\/span>\n\t<\/p>\n\t<p>Data de tornada: <span class=\"wpcf7-form-control-wrap\" data-name=\"retorno\"><input class=\"wpcf7-form-control wpcf7-date wpcf7-validates-as-date\" aria-invalid=\"false\" value=\"\" type=\"date\" name=\"retorno\" \/><\/span>\n\t<\/p>\n\t<p>Nombre de passatgers: <span class=\"wpcf7-form-control-wrap\" data-name=\"pasajeros\"><input size=\"40\" maxlength=\"400\" class=\"wpcf7-form-control wpcf7-text\" aria-invalid=\"false\" value=\"\" type=\"text\" name=\"pasajeros\" \/><\/span>\n\t<\/p>\n\t<p >Tipus de servei: <span class=\"wpcf7-form-control-wrap\" data-name=\"servicio\"><select class=\"wpcf7-form-control wpcf7-select\" aria-invalid=\"false\" name=\"servicio\"><option value=\"trasllatss-transfers\">trasllatss-transfers<\/option><option value=\"convecions-congressos\">convecions-congressos<\/option><option value=\"excursions-viatgess\">excursions-viatgess<\/option><option value=\"circuits\">circuits<\/option><option value=\"transport empresses\">transport empresses<\/option><option value=\"Casaments\">Casaments<\/option><option value=\"transport escolar\">transport escolar<\/option><option value=\"comiats\">comiats<\/option><option value=\"altres\">altres<\/option><\/select><\/span>\n\t<\/p>\n\t<p >Dietes del conductor a c\u00e0rrec: <span class=\"wpcf7-form-control-wrap\" data-name=\"radio-78\"><span class=\"wpcf7-form-control wpcf7-radio\"><span class=\"wpcf7-list-item first\"><input type=\"radio\" name=\"radio-78\" value=\"Guin bus\" checked=\"checked\" \/><span class=\"wpcf7-list-item-label\">Guin bus<\/span><\/span><span class=\"wpcf7-list-item last\"><input type=\"radio\" name=\"radio-78\" value=\"Client\" \/><span class=\"wpcf7-list-item-label\">Client<\/span><\/span><\/span><\/span>\n\t<\/p>\n<\/div>\n<div class=\"presu\">\n\t<p><strong>Dades persona de contacte:<\/strong>\n\t<\/p>\n\t<p>Nom <span class=\"wpcf7-form-control-wrap\" data-name=\"your-name\"><input size=\"40\" maxlength=\"400\" class=\"wpcf7-form-control wpcf7-text wpcf7-validates-as-required\" aria-required=\"true\" aria-invalid=\"false\" value=\"\" type=\"text\" name=\"your-name\" \/><\/span>\n\t<\/p>\n\t<p >Email <span class=\"wpcf7-form-control-wrap\" data-name=\"your-email\"><input size=\"40\" maxlength=\"400\" class=\"wpcf7-form-control wpcf7-email wpcf7-validates-as-required wpcf7-text wpcf7-validates-as-email\" aria-required=\"true\" aria-invalid=\"false\" value=\"\" type=\"email\" name=\"your-email\" \/><\/span>\n\t<\/p>\n\t<p >Tel\u00e8fon<span class=\"wpcf7-form-control-wrap\" data-name=\"tel\"><input size=\"40\" maxlength=\"400\" class=\"wpcf7-form-control wpcf7-tel wpcf7-text wpcf7-validates-as-tel\" aria-invalid=\"false\" value=\"\" type=\"tel\" name=\"tel\" \/><\/span>\n\t<\/p>\n\t<p>Observacions o dades adicionals:<span class=\"wpcf7-form-control-wrap\" data-name=\"oberv\"><textarea cols=\"40\" rows=\"10\" maxlength=\"2000\" class=\"wpcf7-form-control wpcf7-textarea\" aria-invalid=\"false\" name=\"oberv\"><\/textarea><\/span>\n\t<\/p>\n\t<p><span class=\"wpcf7-form-control-wrap\" data-name=\"acceptance-729\"><span class=\"wpcf7-form-control wpcf7-acceptance\"><span class=\"wpcf7-list-item\"><label><input type=\"checkbox\" name=\"acceptance-729\" value=\"1\" aria-invalid=\"false\" \/><span class=\"wpcf7-list-item-label\">*He llegit els termes i condicions i accepto la <a href=\"\/ca\/aviso-legal\">Pol\u00edtica de Privacidad <\/a><\/span><\/label><\/span><\/span><\/span>\n\t<\/p>\n\t<p><span class=\"wpcf7-form-control-wrap\" data-name=\"checkbox-71\"><span class=\"wpcf7-form-control wpcf7-checkbox\"><span class=\"wpcf7-list-item first last\"><input type=\"checkbox\" name=\"checkbox-71[]\" value=\"Accepto rebre informaci\u00f3 comercial, fins i tot per correu electr\u00f2nic.\" \/><span class=\"wpcf7-list-item-label\">Accepto rebre informaci\u00f3 comercial, fins i tot per correu electr\u00f2nic.<\/span><\/span><\/span><\/span>\n\t<\/p>\n\t<p><input class=\"wpcf7-form-control wpcf7-submit has-spinner\" type=\"submit\" value=\"Enviar\" \/>\n\t<\/p>\n<\/div><div class=\"wpcf7-response-output\" aria-hidden=\"true\"><\/div>\n<\/form>\n<\/div>\n<\/p>\n","protected":false},"author":1,"featured_media":0,"parent":0,"menu_order":0,"comment_status":"closed","ping_status":"closed","template":"","meta":{"_et_pb_use_builder":"on","_et_pb_old_content":"","_et_gb_content_width":"","footnotes":""},"class_list":["post-237","page","type-page","status-publish","hentry"],"yoast_head":"<!-- This site is optimized with the Yoast SEO plugin v27.5 - https:\/\/yoast.com\/product\/yoast-seo-wordpress\/ -->\n<title>Pressupost - GUINbus<\/title>\n<meta name=\"robots\" content=\"index, follow, max-snippet:-1, max-image-preview:large, max-video-preview:-1\" \/>\n<link rel=\"canonical\" href=\"https:\/\/guinbus.com\/presupuesto\" \/>\n<meta property=\"og:locale\" content=\"ca_ES\" \/>\n<meta property=\"og:type\" content=\"article\" \/>\n<meta property=\"og:title\" content=\"Pressupost - GUINbus\" \/>\n<meta property=\"og:description\" content=\"Sol\u00b7licitar pressupostPosem a la vostra disposici\u00f3 el seg\u00fcent servei: completant aquest formulari Guin Bus us confeccionar\u00e0 un pressupost, i ens posarem en contacte amb Vost\u00e8 en 24 hores\" \/>\n<meta property=\"og:url\" content=\"https:\/\/guinbus.com\/presupuesto\" \/>\n<meta property=\"og:site_name\" content=\"GUINbus\" \/>\n<meta property=\"article:modified_time\" content=\"2024-02-12T10:33:49+00:00\" \/>\n<meta name=\"twitter:card\" content=\"summary_large_image\" \/>\n<meta name=\"twitter:label1\" content=\"Temps estimat de lectura\" \/>\n\t<meta name=\"twitter:data1\" content=\"2 minuts\" \/>\n<!-- \/ Yoast SEO plugin. -->","yoast_head_json":{"title":"Pressupost - GUINbus","robots":{"index":"index","follow":"follow","max-snippet":"max-snippet:-1","max-image-preview":"max-image-preview:large","max-video-preview":"max-video-preview:-1"},"canonical":"https:\/\/guinbus.com\/presupuesto","og_locale":"ca_ES","og_type":"article","og_title":"Pressupost - GUINbus","og_description":"Sol\u00b7licitar pressupostPosem a la vostra disposici\u00f3 el seg\u00fcent servei: completant aquest formulari Guin Bus us confeccionar\u00e0 un pressupost, i ens posarem en contacte amb Vost\u00e8 en 24 hores","og_url":"https:\/\/guinbus.com\/presupuesto","og_site_name":"GUINbus","article_modified_time":"2024-02-12T10:33:49+00:00","twitter_card":"summary_large_image","twitter_misc":{"Temps estimat de lectura":"2 minuts"},"schema":{"@context":"https:\/\/schema.org","@graph":[{"@type":"WebPage","@id":"https:\/\/guinbus.com\/presupuesto","url":"https:\/\/guinbus.com\/presupuesto","name":"Pressupost - GUINbus","isPartOf":{"@id":"https:\/\/guinbus.com\/#website"},"datePublished":"2022-01-19T09:22:12+00:00","dateModified":"2024-02-12T10:33:49+00:00","inLanguage":"ca","potentialAction":[{"@type":"ReadAction","target":["https:\/\/guinbus.com\/presupuesto"]}]},{"@type":"WebSite","@id":"https:\/\/guinbus.com\/#website","url":"https:\/\/guinbus.com\/","name":"GUINbus","description":"","potentialAction":[{"@type":"SearchAction","target":{"@type":"EntryPoint","urlTemplate":"https:\/\/guinbus.com\/?s={search_term_string}"},"query-input":{"@type":"PropertyValueSpecification","valueRequired":true,"valueName":"search_term_string"}}],"inLanguage":"ca"}]}},"_links":{"self":[{"href":"https:\/\/guinbus.com\/ca\/wp-json\/wp\/v2\/pages\/237","targetHints":{"allow":["GET"]}}],"collection":[{"href":"https:\/\/guinbus.com\/ca\/wp-json\/wp\/v2\/pages"}],"about":[{"href":"https:\/\/guinbus.com\/ca\/wp-json\/wp\/v2\/types\/page"}],"author":[{"embeddable":true,"href":"https:\/\/guinbus.com\/ca\/wp-json\/wp\/v2\/users\/1"}],"replies":[{"embeddable":true,"href":"https:\/\/guinbus.com\/ca\/wp-json\/wp\/v2\/comments?post=237"}],"version-history":[{"count":7,"href":"https:\/\/guinbus.com\/ca\/wp-json\/wp\/v2\/pages\/237\/revisions"}],"predecessor-version":[{"id":612,"href":"https:\/\/guinbus.com\/ca\/wp-json\/wp\/v2\/pages\/237\/revisions\/612"}],"wp:attachment":[{"href":"https:\/\/guinbus.com\/ca\/wp-json\/wp\/v2\/media?parent=237"}],"curies":[{"name":"wp","href":"https:\/\/api.w.org\/{rel}","templated":true}]}}